{"id":5801,"date":"2025-08-06T13:32:54","date_gmt":"2025-08-06T13:32:54","guid":{"rendered":"https:\/\/www.sabrinaszablewska.com\/?post_type=product&#038;p=5801"},"modified":"2026-03-18T10:48:53","modified_gmt":"2026-03-18T10:48:53","slug":"uniwersytet-kobiet-sukcesu-platnosc-1-3","status":"publish","type":"product","link":"https:\/\/www.sabrinaszablewska.com\/en\/produkt\/uniwersytet-kobiet-sukcesu-platnosc-1-3\/","title":{"rendered":"Uniwersytet Kobiet Sukcesu &#8211; P\u0142atno\u015b\u0107 1\/3"},"content":{"rendered":"<h2>UNIWERSYTET KOBIET SUKCESU \u2013 3 MIESI\u0118CZNY MENTORING DLA KOBIET, KT\u00d3RE CHC\u0104 WI\u0118CEJ &#8211; P\u0141ATNO\u015a\u0106 1\/3<\/h2>\n<p>&nbsp;<\/p>\n<p>Uniwersytet Kobiet Sukcesu to roczny program mentoringowy, kt\u00f3ry zmieni Twoje \u017cycie. Razem b\u0119dziemy pracowa\u0107 nad:<br \/>\n\u2013 Odkrywaniem Twoich mocnych stron.<br \/>\n\u2013 Budowaniem pewno\u015bci siebie.<br \/>\n\u2013 Rozwijaniem umiej\u0119tno\u015bci, kt\u00f3re pomog\u0105 Ci osi\u0105ga\u0107 sukcesy w \u017cyciu osobistym i zawodowym.<\/p>\n<p>Dost\u0119p do programu na 3 miesi\u0105ce<\/p>\n<p>P\u0142atno\u015bci:<\/p>\n<p>1\/3 &#8211; 360<br \/>\n2\/3 &#8211; 370<br \/>\n3\/3 &#8211; 370<\/p>\n","protected":false},"excerpt":{"rendered":"<p>UNIWERSYTET KOBIET SUKCESU \u2013 3 MIESI\u0118CZNY MENTORING DLA KOBIET, KT\u00d3RE CHC\u0104 WI\u0118CEJ &#8211; P\u0141ATNO\u015a\u0106 1\/3 &nbsp; Uniwersytet Kobiet Sukcesu to roczny program mentoringowy, kt\u00f3ry zmieni Twoje \u017cycie. Razem b\u0119dziemy pracowa\u0107 nad: \u2013 Odkrywaniem Twoich mocnych stron. \u2013 Budowaniem pewno\u015bci siebie. \u2013 Rozwijaniem umiej\u0119tno\u015bci, kt\u00f3re pomog\u0105 Ci osi\u0105ga\u0107 sukcesy w \u017cyciu osobistym i zawodowym. Dost\u0119p do [&hellip;]<\/p>\n","protected":false},"featured_media":5252,"template":"","meta":{"site-sidebar-layout":"default","site-content-layout":"","ast-site-content-layout":"default","site-content-style":"default","site-sidebar-style":"default","ast-global-header-display":"","ast-banner-title-visibility":"","ast-main-header-display":"","ast-hfb-above-header-display":"","ast-hfb-below-header-display":"","ast-hfb-mobile-header-display":"","site-post-title":"","ast-breadcrumbs-content":"","ast-featured-img":"","footer-sml-layout":"","theme-transparent-header-meta":"default","adv-header-id-meta":"","stick-header-meta":"","header-above-stick-meta":"","header-main-stick-meta":"","header-below-stick-meta":"","astra-migrate-meta-layouts":"set","ast-page-background-enabled":"default","ast-page-background-meta":{"desktop":{"background-color":"var(--ast-global-color-4)","background-image":"","background-repeat":"repeat","background-position":"center center","background-size":"auto","background-attachment":"scroll","background-type":"","background-media":"","overlay-type":"","overlay-color":"","overlay-gradient":""},"tablet":{"background-color":"","background-image":"","background-repeat":"repeat","background-position":"center center","background-size":"auto","background-attachment":"scroll","background-type":"","background-media":"","overlay-type":"","overlay-color":"","overlay-gradient":""},"mobile":{"background-color":"","background-image":"","background-repeat":"repeat","background-position":"center center","background-size":"auto","background-attachment":"scroll","background-type":"","background-media":"","overlay-type":"","overlay-color":"","overlay-gradient":""}},"ast-content-background-meta":{"desktop":{"background-color":"var(--ast-global-color-5)","background-image":"","background-repeat":"repeat","background-position":"center center","background-size":"auto","background-attachment":"scroll","background-type":"","background-media":"","overlay-type":"","overlay-color":"","overlay-gradient":""},"tablet":{"background-color":"var(--ast-global-color-5)","background-image":"","background-repeat":"repeat","background-position":"center center","background-size":"auto","background-attachment":"scroll","background-type":"","background-media":"","overlay-type":"","overlay-color":"","overlay-gradient":""},"mobile":{"background-color":"var(--ast-global-color-5)","background-image":"","background-repeat":"repeat","background-position":"center center","background-size":"auto","background-attachment":"scroll","background-type":"","background-media":"","overlay-type":"","overlay-color":"","overlay-gradient":""}}},"product_cat":[26],"product_tag":[],"_links":{"self":[{"href":"https:\/\/www.sabrinaszablewska.com\/en\/wp-json\/wp\/v2\/product\/5801"}],"collection":[{"href":"https:\/\/www.sabrinaszablewska.com\/en\/wp-json\/wp\/v2\/product"}],"about":[{"href":"https:\/\/www.sabrinaszablewska.com\/en\/wp-json\/wp\/v2\/types\/product"}],"wp:featuredmedia":[{"embeddable":true,"href":"https:\/\/www.sabrinaszablewska.com\/en\/wp-json\/wp\/v2\/media\/5252"}],"wp:attachment":[{"href":"https:\/\/www.sabrinaszablewska.com\/en\/wp-json\/wp\/v2\/media?parent=5801"}],"wp:term":[{"taxonomy":"product_cat","embeddable":true,"href":"https:\/\/www.sabrinaszablewska.com\/en\/wp-json\/wp\/v2\/product_cat?post=5801"},{"taxonomy":"product_tag","embeddable":true,"href":"https:\/\/www.sabrinaszablewska.com\/en\/wp-json\/wp\/v2\/product_tag?post=5801"}],"curies":[{"name":"wp","href":"https:\/\/api.w.org\/{rel}","templated":true}]}}