{"id":5787,"date":"2025-07-22T12:57:46","date_gmt":"2025-07-22T12:57:46","guid":{"rendered":"https:\/\/www.sabrinaszablewska.com\/?post_type=product&#038;p=5787"},"modified":"2026-03-18T10:51:58","modified_gmt":"2026-03-18T10:51:58","slug":"uniwersytet-kobiet-sukcesu-platnosc-2-5","status":"publish","type":"product","link":"https:\/\/www.sabrinaszablewska.com\/en\/produkt\/uniwersytet-kobiet-sukcesu-platnosc-2-5\/","title":{"rendered":"Uniwersytet Kobiet Sukcesu &#8211; P\u0142atno\u015b\u0107 2\/5"},"content":{"rendered":"<h2>UNIWERSYTET KOBIET SUKCESU \u2013 ROCZNY MENTORING DLA KOBIET, KT\u00d3RE CHC\u0104 WI\u0118CEJ &#8211; P\u0141ATNO\u015a\u0106 1\/5<\/h2>\n<p>&nbsp;<\/p>\n<p>Uniwersytet Kobiet Sukcesu to roczny program mentoringowy, kt\u00f3ry zmieni Twoje \u017cycie. Razem b\u0119dziemy pracowa\u0107 nad:<br \/>\n\u2013 Odkrywaniem Twoich mocnych stron.<br \/>\n\u2013 Budowaniem pewno\u015bci siebie.<br \/>\n\u2013 Rozwijaniem umiej\u0119tno\u015bci, kt\u00f3re pomog\u0105 Ci osi\u0105ga\u0107 sukcesy w \u017cyciu osobistym i zawodowym.<\/p>\n<p>Je\u015bli po 3 tygodniach (3 zaj\u0119ciach mentoringowych na kt\u00f3re do\u0142\u0105czysz) poczujesz, \u017ce nie jest to moment na dzia\u0142anie dalej, zwr\u00f3cimy Ci pieni\u0105dze.<\/p>\n<p>P\u0142atno\u015bci:<\/p>\n<p>1\/5 &#8211; 800<br \/>\n2\/5 &#8211; 1000<br \/>\n3\/5 &#8211; 1000<br \/>\n4\/5 &#8211; 1000<br \/>\n5\/5 &#8211; 600<\/p>\n","protected":false},"excerpt":{"rendered":"<p>UNIWERSYTET KOBIET SUKCESU \u2013 ROCZNY MENTORING DLA KOBIET, KT\u00d3RE CHC\u0104 WI\u0118CEJ &#8211; P\u0141ATNO\u015a\u0106 1\/5 &nbsp; Uniwersytet Kobiet Sukcesu to roczny program mentoringowy, kt\u00f3ry zmieni Twoje \u017cycie. Razem b\u0119dziemy pracowa\u0107 nad: \u2013 Odkrywaniem Twoich mocnych stron. \u2013 Budowaniem pewno\u015bci siebie. \u2013 Rozwijaniem umiej\u0119tno\u015bci, kt\u00f3re pomog\u0105 Ci osi\u0105ga\u0107 sukcesy w \u017cyciu osobistym i zawodowym. Je\u015bli po 3 [&hellip;]<\/p>\n","protected":false},"featured_media":5252,"template":"","meta":{"site-sidebar-layout":"default","site-content-layout":"","ast-site-content-layout":"default","site-content-style":"default","site-sidebar-style":"default","ast-global-header-display":"","ast-banner-title-visibility":"","ast-main-header-display":"","ast-hfb-above-header-display":"","ast-hfb-below-header-display":"","ast-hfb-mobile-header-display":"","site-post-title":"","ast-breadcrumbs-content":"","ast-featured-img":"","footer-sml-layout":"","theme-transparent-header-meta":"default","adv-header-id-meta":"","stick-header-meta":"","header-above-stick-meta":"","header-main-stick-meta":"","header-below-stick-meta":"","astra-migrate-meta-layouts":"set","ast-page-background-enabled":"default","ast-page-background-meta":{"desktop":{"background-color":"var(--ast-global-color-4)","background-image":"","background-repeat":"repeat","background-position":"center center","background-size":"auto","background-attachment":"scroll","background-type":"","background-media":"","overlay-type":"","overlay-color":"","overlay-gradient":""},"tablet":{"background-color":"","background-image":"","background-repeat":"repeat","background-position":"center center","background-size":"auto","background-attachment":"scroll","background-type":"","background-media":"","overlay-type":"","overlay-color":"","overlay-gradient":""},"mobile":{"background-color":"","background-image":"","background-repeat":"repeat","background-position":"center center","background-size":"auto","background-attachment":"scroll","background-type":"","background-media":"","overlay-type":"","overlay-color":"","overlay-gradient":""}},"ast-content-background-meta":{"desktop":{"background-color":"var(--ast-global-color-5)","background-image":"","background-repeat":"repeat","background-position":"center center","background-size":"auto","background-attachment":"scroll","background-type":"","background-media":"","overlay-type":"","overlay-color":"","overlay-gradient":""},"tablet":{"background-color":"var(--ast-global-color-5)","background-image":"","background-repeat":"repeat","background-position":"center center","background-size":"auto","background-attachment":"scroll","background-type":"","background-media":"","overlay-type":"","overlay-color":"","overlay-gradient":""},"mobile":{"background-color":"var(--ast-global-color-5)","background-image":"","background-repeat":"repeat","background-position":"center center","background-size":"auto","background-attachment":"scroll","background-type":"","background-media":"","overlay-type":"","overlay-color":"","overlay-gradient":""}}},"product_cat":[26],"product_tag":[],"_links":{"self":[{"href":"https:\/\/www.sabrinaszablewska.com\/en\/wp-json\/wp\/v2\/product\/5787"}],"collection":[{"href":"https:\/\/www.sabrinaszablewska.com\/en\/wp-json\/wp\/v2\/product"}],"about":[{"href":"https:\/\/www.sabrinaszablewska.com\/en\/wp-json\/wp\/v2\/types\/product"}],"wp:featuredmedia":[{"embeddable":true,"href":"https:\/\/www.sabrinaszablewska.com\/en\/wp-json\/wp\/v2\/media\/5252"}],"wp:attachment":[{"href":"https:\/\/www.sabrinaszablewska.com\/en\/wp-json\/wp\/v2\/media?parent=5787"}],"wp:term":[{"taxonomy":"product_cat","embeddable":true,"href":"https:\/\/www.sabrinaszablewska.com\/en\/wp-json\/wp\/v2\/product_cat?post=5787"},{"taxonomy":"product_tag","embeddable":true,"href":"https:\/\/www.sabrinaszablewska.com\/en\/wp-json\/wp\/v2\/product_tag?post=5787"}],"curies":[{"name":"wp","href":"https:\/\/api.w.org\/{rel}","templated":true}]}}