{"id":5234,"date":"2025-03-20T06:37:16","date_gmt":"2025-03-20T06:37:16","guid":{"rendered":"https:\/\/www.sabrinaszablewska.com\/?post_type=product&#038;p=5234"},"modified":"2025-03-20T08:50:28","modified_gmt":"2025-03-20T08:50:28","slug":"pakiet-3-ebookow-motywacyjnych","status":"publish","type":"product","link":"https:\/\/www.sabrinaszablewska.com\/en\/produkt\/pakiet-3-ebookow-motywacyjnych\/","title":{"rendered":"Pakiet 3 ebook\u00f3w motywacyjnych"},"content":{"rendered":"<div class=\"ugc rich-text overflow-hidden astro-QKLYDNVR\">\n<p><strong>Pakiet 3 ebook\u00f3w dla Kobiet Gotowych na Metamorfoz\u0119 \u017bycia: &#8220;Powstanie z Popio\u0142\u00f3w&#8221;, &#8220;Szcz\u0119\u015bcie dzi\u0119ki Dbanie o Siebie&#8221; oraz &#8220;Mentalno\u015b\u0107 Wojownika&#8221;!<\/strong><\/p>\n<p>Jeste\u015b gotowa na prze\u0142om? Ten pakiet to Tw\u00f3j klucz do odkrycia wewn\u0119trznej si\u0142y, szcz\u0119\u015bcia i niez\u0142omnej determinacji! Ka\u017cda z ksi\u0105\u017cek to nie tylko zbi\u00f3r inspiracji, ale praktyczny przewodnik, kt\u00f3ry krok po kroku poprowadzi Ci\u0119 w stron\u0119 pe\u0142niejszego, bardziej spe\u0142nionego \u017cycia. Wype\u0142nione wskaz\u00f3wkami, \u0107wiczeniami i motywacj\u0105, te ebooki stan\u0105 si\u0119 Twoim osobistym wsparciem w podr\u00f3\u017cy po \u017cycie, na jakie zas\u0142ugujesz!<\/p>\n<p><strong>Co znajdziesz w pakiecie?<\/strong><\/p>\n<p><strong>\ud83d\udca5 &#8220;Powstanie z Popio\u0142\u00f3w&#8221; \u2013 <\/strong>Je\u015bli czujesz, \u017ce \u017cycie Ci\u0119 przygniot\u0142o, nauczysz si\u0119, jak odnale\u017a\u0107 w sobie si\u0142\u0119, prze\u0142ama\u0107 negatywne schematy i odbudowa\u0107 swoj\u0105 pewno\u015b\u0107 siebie. Poznasz metody, kt\u00f3re pomog\u0105 Ci wsta\u0107 z kolan i pewnym krokiem ruszy\u0107 w stron\u0119 nowego pocz\u0105tku.<\/p>\n<p><strong>\ud83d\udc96 &#8220;Szcz\u0119\u015bcie dzi\u0119ki Dbaniu o Siebie&#8221; \u2013 <\/strong>Jak znale\u017a\u0107 prawdziwe szcz\u0119\u015bcie? Przez trosk\u0119 o siebie \u2013 zar\u00f3wno cia\u0142o, jak i umys\u0142. Zanurz si\u0119 w technikach CBT, uwa\u017cno\u015bci, medytacji i odkryj, jak dba\u0107 o zdrowie i urod\u0119, by promieniowa\u0107 rado\u015bci\u0105 i wewn\u0119trznym blaskiem.<\/p>\n<p><strong>\u2694\ufe0f &#8220;Mentalno\u015b\u0107 Wojownika&#8221; \u2013 <\/strong>Chcesz pokona\u0107 l\u0119ki i wzmocni\u0107 swoj\u0105 psychik\u0119? Ten ebook nauczy Ci\u0119 strategii, kt\u00f3re pomog\u0105 Ci wzmocni\u0107 odporno\u015b\u0107 na wyzwania, zar\u00f3wno w \u017cyciu osobistym, jak i zawodowym. Poczuj, jak rozwijasz w sobie mentalno\u015b\u0107, kt\u00f3ra jest gotowa na ka\u017cde wyzwanie.<\/p>\n<p><strong>Dlaczego ten pakiet jest dla Ciebie?<\/strong><\/p>\n<p><strong>\ud83c\udf1f Wszechstronny rozw\u00f3j \u2013 <\/strong>Ka\u017cdy ebook to narz\u0119dzie pracy nad innym obszarem Twojego \u017cycia, a razem tworz\u0105 kompleksowy plan na zmian\u0119 i wzrost osobisty.<\/p>\n<p><strong>\ud83d\udcdd Praktyczne \u0107wiczenia \u2013<\/strong> Ka\u017cda strona to inspiracja do dzia\u0142ania! Te ksi\u0105\u017cki to nie tylko teoria, ale realne kroki, kt\u00f3re ju\u017c od dzi\u015b mo\u017cesz wdro\u017cy\u0107, by poczu\u0107 r\u00f3\u017cnic\u0119.<\/p>\n<p><strong>\ud83e\udd32 Pe\u0142ne wsparcie \u2013 <\/strong>Bez wzgl\u0119du na to, czy zaczynasz od zera, chcesz znale\u017a\u0107 szcz\u0119\u015bcie, czy pragniesz sta\u0107 si\u0119 silniejsza, ten pakiet jest przy Tobie na ka\u017cdej drodze.<\/p>\n<p><strong>Zainwestuj w siebie, odkryj swoj\u0105 moc i zacznij \u017cy\u0107 tak, jak tego pragniesz!<\/strong><\/p>\n<\/div>\n","protected":false},"excerpt":{"rendered":"<p>Pakiet 3 ebook\u00f3w dla Kobiet Gotowych na Metamorfoz\u0119 \u017bycia: &#8220;Powstanie z Popio\u0142\u00f3w&#8221;, &#8220;Szcz\u0119\u015bcie dzi\u0119ki Dbanie o Siebie&#8221; oraz &#8220;Mentalno\u015b\u0107 Wojownika&#8221;! Jeste\u015b gotowa na prze\u0142om? Ten pakiet to Tw\u00f3j klucz do odkrycia wewn\u0119trznej si\u0142y, szcz\u0119\u015bcia i niez\u0142omnej determinacji! Ka\u017cda z ksi\u0105\u017cek to nie tylko zbi\u00f3r inspiracji, ale praktyczny przewodnik, kt\u00f3ry krok po kroku poprowadzi Ci\u0119 w [&hellip;]<\/p>\n","protected":false},"featured_media":5245,"template":"","meta":{"site-sidebar-layout":"default","site-content-layout":"","ast-site-content-layout":"default","site-content-style":"default","site-sidebar-style":"default","ast-global-header-display":"","ast-banner-title-visibility":"","ast-main-header-display":"","ast-hfb-above-header-display":"","ast-hfb-below-header-display":"","ast-hfb-mobile-header-display":"","site-post-title":"","ast-breadcrumbs-content":"","ast-featured-img":"","footer-sml-layout":"","theme-transparent-header-meta":"default","adv-header-id-meta":"","stick-header-meta":"","header-above-stick-meta":"","header-main-stick-meta":"","header-below-stick-meta":"","astra-migrate-meta-layouts":"set","ast-page-background-enabled":"default","ast-page-background-meta":{"desktop":{"background-color":"var(--ast-global-color-4)","background-image":"","background-repeat":"repeat","background-position":"center center","background-size":"auto","background-attachment":"scroll","background-type":"","background-media":"","overlay-type":"","overlay-color":"","overlay-gradient":""},"tablet":{"background-color":"","background-image":"","background-repeat":"repeat","background-position":"center center","background-size":"auto","background-attachment":"scroll","background-type":"","background-media":"","overlay-type":"","overlay-color":"","overlay-gradient":""},"mobile":{"background-color":"","background-image":"","background-repeat":"repeat","background-position":"center center","background-size":"auto","background-attachment":"scroll","background-type":"","background-media":"","overlay-type":"","overlay-color":"","overlay-gradient":""}},"ast-content-background-meta":{"desktop":{"background-color":"var(--ast-global-color-5)","background-image":"","background-repeat":"repeat","background-position":"center center","background-size":"auto","background-attachment":"scroll","background-type":"","background-media":"","overlay-type":"","overlay-color":"","overlay-gradient":""},"tablet":{"background-color":"var(--ast-global-color-5)","background-image":"","background-repeat":"repeat","background-position":"center center","background-size":"auto","background-attachment":"scroll","background-type":"","background-media":"","overlay-type":"","overlay-color":"","overlay-gradient":""},"mobile":{"background-color":"var(--ast-global-color-5)","background-image":"","background-repeat":"repeat","background-position":"center center","background-size":"auto","background-attachment":"scroll","background-type":"","background-media":"","overlay-type":"","overlay-color":"","overlay-gradient":""}}},"product_cat":[26],"product_tag":[],"_links":{"self":[{"href":"https:\/\/www.sabrinaszablewska.com\/en\/wp-json\/wp\/v2\/product\/5234"}],"collection":[{"href":"https:\/\/www.sabrinaszablewska.com\/en\/wp-json\/wp\/v2\/product"}],"about":[{"href":"https:\/\/www.sabrinaszablewska.com\/en\/wp-json\/wp\/v2\/types\/product"}],"wp:featuredmedia":[{"embeddable":true,"href":"https:\/\/www.sabrinaszablewska.com\/en\/wp-json\/wp\/v2\/media\/5245"}],"wp:attachment":[{"href":"https:\/\/www.sabrinaszablewska.com\/en\/wp-json\/wp\/v2\/media?parent=5234"}],"wp:term":[{"taxonomy":"product_cat","embeddable":true,"href":"https:\/\/www.sabrinaszablewska.com\/en\/wp-json\/wp\/v2\/product_cat?post=5234"},{"taxonomy":"product_tag","embeddable":true,"href":"https:\/\/www.sabrinaszablewska.com\/en\/wp-json\/wp\/v2\/product_tag?post=5234"}],"curies":[{"name":"wp","href":"https:\/\/api.w.org\/{rel}","templated":true}]}}