{"id":3121,"date":"2023-07-28T02:00:44","date_gmt":"2023-07-28T02:00:44","guid":{"rendered":"https:\/\/www.sabrinaszablewska.com\/blog\/"},"modified":"2024-10-11T11:34:07","modified_gmt":"2024-10-11T11:34:07","slug":"blog","status":"publish","type":"page","link":"https:\/\/www.sabrinaszablewska.com\/en\/blog\/","title":{"rendered":"Blog"},"content":{"rendered":"\t\t<div data-elementor-type=\"wp-page\" data-elementor-id=\"3121\" class=\"elementor elementor-3121 elementor-677\" data-elementor-post-type=\"page\">\n\t\t\t\t\t\t<section class=\"elementor-section elementor-top-section elementor-element elementor-element-8628cef elementor-section-boxed elementor-section-height-default elementor-section-height-default\" data-id=\"8628cef\" data-element_type=\"section\" data-settings=\"{&quot;background_background&quot;:&quot;classic&quot;}\">\n\t\t\t\t\t\t\t<div class=\"elementor-background-overlay\"><\/div>\n\t\t\t\t\t\t\t<div class=\"elementor-container elementor-column-gap-default\">\n\t\t\t\t\t<div class=\"elementor-column elementor-col-50 elementor-top-column elementor-element elementor-element-51c2cfa\" data-id=\"51c2cfa\" data-element_type=\"column\" data-settings=\"{&quot;background_background&quot;:&quot;classic&quot;}\">\n\t\t\t<div class=\"elementor-widget-wrap elementor-element-populated\">\n\t\t\t\t\t<div class=\"elementor-background-overlay\"><\/div>\n\t\t\t\t\t\t<div class=\"elementor-element elementor-element-6b3c1f7 elementor-widget elementor-widget-image\" data-id=\"6b3c1f7\" data-element_type=\"widget\" data-widget_type=\"image.default\">\n\t\t\t\t<div class=\"elementor-widget-container\">\n\t\t\t<style>\/*! elementor - v3.21.0 - 15-04-2024 *\/\n.elementor-widget-image{text-align:center}.elementor-widget-image a{display:inline-block}.elementor-widget-image a img[src$=\".svg\"]{width:48px}.elementor-widget-image img{vertical-align:middle;display:inline-block}<\/style>\t\t\t\t\t\t\t\t\t\t<img fetchpriority=\"high\" decoding=\"async\" width=\"819\" height=\"1024\" src=\"https:\/\/www.sabrinaszablewska.com\/wp-content\/uploads\/2023\/06\/image00001-e1690542857971-819x1024.jpeg\" class=\"attachment-large size-large wp-image-200\" alt=\"\" srcset=\"https:\/\/www.sabrinaszablewska.com\/wp-content\/uploads\/2023\/06\/image00001-e1690542857971-819x1024.jpeg 819w, https:\/\/www.sabrinaszablewska.com\/wp-content\/uploads\/2023\/06\/image00001-e1690542857971-600x750.jpeg 600w, https:\/\/www.sabrinaszablewska.com\/wp-content\/uploads\/2023\/06\/image00001-e1690542857971-240x300.jpeg 240w, https:\/\/www.sabrinaszablewska.com\/wp-content\/uploads\/2023\/06\/image00001-e1690542857971-768x960.jpeg 768w, https:\/\/www.sabrinaszablewska.com\/wp-content\/uploads\/2023\/06\/image00001-e1690542857971.jpeg 1024w\" sizes=\"(max-width: 819px) 100vw, 819px\" \/>\t\t\t\t\t\t\t\t\t\t\t\t\t<\/div>\n\t\t\t\t<\/div>\n\t\t\t\t\t<\/div>\n\t\t<\/div>\n\t\t\t\t<div class=\"elementor-column elementor-col-50 elementor-top-column elementor-element elementor-element-a1e3893\" data-id=\"a1e3893\" data-element_type=\"column\" data-settings=\"{&quot;background_background&quot;:&quot;classic&quot;}\">\n\t\t\t<div class=\"elementor-widget-wrap elementor-element-populated\">\n\t\t\t\t\t<div class=\"elementor-background-overlay\"><\/div>\n\t\t\t\t\t\t<div class=\"elementor-element elementor-element-7fd9b16 elementor-widget elementor-widget-heading\" data-id=\"7fd9b16\" data-element_type=\"widget\" data-widget_type=\"heading.default\">\n\t\t\t\t<div class=\"elementor-widget-container\">\n\t\t\t<style>\/*! elementor - v3.21.0 - 15-04-2024 *\/\n.elementor-heading-title{padding:0;margin:0;line-height:1}.elementor-widget-heading .elementor-heading-title[class*=elementor-size-]>a{color:inherit;font-size:inherit;line-height:inherit}.elementor-widget-heading .elementor-heading-title.elementor-size-small{font-size:15px}.elementor-widget-heading .elementor-heading-title.elementor-size-medium{font-size:19px}.elementor-widget-heading .elementor-heading-title.elementor-size-large{font-size:29px}.elementor-widget-heading .elementor-heading-title.elementor-size-xl{font-size:39px}.elementor-widget-heading .elementor-heading-title.elementor-size-xxl{font-size:59px}<\/style><h1 class=\"elementor-heading-title elementor-size-default\">Blog<\/h1>\t\t<\/div>\n\t\t\t\t<\/div>\n\t\t\t\t<div class=\"elementor-element elementor-element-c8a6702 elementor-widget elementor-widget-heading\" data-id=\"c8a6702\" data-element_type=\"widget\" data-widget_type=\"heading.default\">\n\t\t\t\t<div class=\"elementor-widget-container\">\n\t\t\t<h2 class=\"elementor-heading-title elementor-size-default\">Sabrina Szablewska<\/h2>\t\t<\/div>\n\t\t\t\t<\/div>\n\t\t\t\t\t<\/div>\n\t\t<\/div>\n\t\t\t\t\t<\/div>\n\t\t<\/section>\n\t\t\t\t<section class=\"elementor-section elementor-top-section elementor-element elementor-element-69c36e55 elementor-section-boxed elementor-section-height-default elementor-section-height-default\" data-id=\"69c36e55\" data-element_type=\"section\">\n\t\t\t\t\t\t<div class=\"elementor-container elementor-column-gap-default\">\n\t\t\t\t\t<div class=\"elementor-column elementor-col-100 elementor-top-column elementor-element elementor-element-6dad8417\" data-id=\"6dad8417\" data-element_type=\"column\">\n\t\t\t<div class=\"elementor-widget-wrap elementor-element-populated\">\n\t\t\t\t\t\t<div class=\"elementor-element elementor-element-57782a4a elementor-grid-eael-col-4 elementor-grid-tablet-eael-col-2 elementor-grid-mobile-eael-col-1 elementor-widget elementor-widget-eael-post-grid\" data-id=\"57782a4a\" data-element_type=\"widget\" data-settings=\"{&quot;eael_post_grid_columns&quot;:&quot;eael-col-4&quot;,&quot;eael_post_grid_columns_tablet&quot;:&quot;eael-col-2&quot;,&quot;eael_post_grid_columns_mobile&quot;:&quot;eael-col-1&quot;}\" data-widget_type=\"eael-post-grid.default\">\n\t\t\t\t<div class=\"elementor-widget-container\">\n\t\t\t<div id=\"eael-post-grid-57782a4a\" class=\"eael-post-grid-container\">\n            <div class=\"eael-post-grid eael-post-appender eael-post-appender-57782a4a eael-post-grid-style-default\" data-layout-mode=\"grid\"><article class=\"eael-grid-post eael-post-grid-column\" data-id=\"3163\">\n        <div class=\"eael-grid-post-holder\">\n            <div class=\"eael-grid-post-holder-inner\"><div class=\"eael-entry-media\"><div class=\"eael-entry-overlay fade-in\"><i class=\"fas fa-long-arrow-alt-right\" aria-hidden=\"true\"><\/i><a href=\"https:\/\/www.sabrinaszablewska.com\/en\/the-art-of-image-creation-how-to-use-fashion-to-express-yourself-and-build-your-personal-brand\/\"><\/a><\/div><div class=\"eael-entry-thumbnail eael-image-ratio\">\n                <img decoding=\"async\" width=\"1024\" height=\"1280\" src=\"https:\/\/www.sabrinaszablewska.com\/wp-content\/uploads\/2023\/07\/DSC_9597-Edit-Edit.jpg\" class=\"attachment-full size-full wp-image-2844\" alt=\"\" srcset=\"https:\/\/www.sabrinaszablewska.com\/wp-content\/uploads\/2023\/07\/DSC_9597-Edit-Edit.jpg 1024w, https:\/\/www.sabrinaszablewska.com\/wp-content\/uploads\/2023\/07\/DSC_9597-Edit-Edit-600x750.jpg 600w, https:\/\/www.sabrinaszablewska.com\/wp-content\/uploads\/2023\/07\/DSC_9597-Edit-Edit-240x300.jpg 240w, https:\/\/www.sabrinaszablewska.com\/wp-content\/uploads\/2023\/07\/DSC_9597-Edit-Edit-819x1024.jpg 819w, https:\/\/www.sabrinaszablewska.com\/wp-content\/uploads\/2023\/07\/DSC_9597-Edit-Edit-768x960.jpg 768w\" sizes=\"(max-width: 1024px) 100vw, 1024px\" \/>\n            <\/div>\n        <\/div><div class=\"eael-entry-wrapper\"><header class=\"eael-entry-header\"><h2 class=\"eael-entry-title\"><a\n                        class=\"eael-grid-post-link\"\n                        href=\"https:\/\/www.sabrinaszablewska.com\/en\/the-art-of-image-creation-how-to-use-fashion-to-express-yourself-and-build-your-personal-brand\/\"\n                        title=\"The Art of Image Creation: How to use fashion to express yourself and build your personal brand\">The Art of Image Creation: How to use fashion to express yourself and build your personal brand<\/a><\/h2><\/header><div class=\"eael-entry-content\">\n                        <div class=\"eael-grid-post-excerpt\"><a\n                            href=\"https:\/\/www.sabrinaszablewska.com\/en\/the-art-of-image-creation-how-to-use-fashion-to-express-yourself-and-build-your-personal-brand\/\"\n                            class=\"eael-post-elements-readmore-btn\">Read more<\/a><\/div>\n                    <\/div><\/div><\/div>\n        <\/div>\n    <\/article><article class=\"eael-grid-post eael-post-grid-column\" data-id=\"3167\">\n        <div class=\"eael-grid-post-holder\">\n            <div class=\"eael-grid-post-holder-inner\"><div class=\"eael-entry-media\"><div class=\"eael-entry-overlay fade-in\"><i class=\"fas fa-long-arrow-alt-right\" aria-hidden=\"true\"><\/i><a href=\"https:\/\/www.sabrinaszablewska.com\/en\/modeling-after-40-year-of-life-new-trends-and-opportunities-for-mature-models\/\"><\/a><\/div><div class=\"eael-entry-thumbnail eael-image-ratio\">\n                <img decoding=\"async\" width=\"1703\" height=\"2560\" src=\"https:\/\/www.sabrinaszablewska.com\/wp-content\/uploads\/2023\/07\/DSC_6107_sRGB_r_net-scaled.jpg\" class=\"attachment-full size-full wp-image-2846\" alt=\"\" srcset=\"https:\/\/www.sabrinaszablewska.com\/wp-content\/uploads\/2023\/07\/DSC_6107_sRGB_r_net-scaled.jpg 1703w, https:\/\/www.sabrinaszablewska.com\/wp-content\/uploads\/2023\/07\/DSC_6107_sRGB_r_net-scaled-600x902.jpg 600w, https:\/\/www.sabrinaszablewska.com\/wp-content\/uploads\/2023\/07\/DSC_6107_sRGB_r_net-200x300.jpg 200w, https:\/\/www.sabrinaszablewska.com\/wp-content\/uploads\/2023\/07\/DSC_6107_sRGB_r_net-681x1024.jpg 681w, https:\/\/www.sabrinaszablewska.com\/wp-content\/uploads\/2023\/07\/DSC_6107_sRGB_r_net-768x1154.jpg 768w, https:\/\/www.sabrinaszablewska.com\/wp-content\/uploads\/2023\/07\/DSC_6107_sRGB_r_net-1022x1536.jpg 1022w, https:\/\/www.sabrinaszablewska.com\/wp-content\/uploads\/2023\/07\/DSC_6107_sRGB_r_net-1363x2048.jpg 1363w\" sizes=\"(max-width: 1703px) 100vw, 1703px\" \/>\n            <\/div>\n        <\/div><div class=\"eael-entry-wrapper\"><header class=\"eael-entry-header\"><h2 class=\"eael-entry-title\"><a\n                        class=\"eael-grid-post-link\"\n                        href=\"https:\/\/www.sabrinaszablewska.com\/en\/modeling-after-40-year-of-life-new-trends-and-opportunities-for-mature-models\/\"\n                        title=\"Modeling after 40. Year of life: New trends and opportunities for mature models\">Modeling after 40. Year of life: New trends and opportunities for mature models<\/a><\/h2><\/header><div class=\"eael-entry-content\">\n                        <div class=\"eael-grid-post-excerpt\"><a\n                            href=\"https:\/\/www.sabrinaszablewska.com\/en\/modeling-after-40-year-of-life-new-trends-and-opportunities-for-mature-models\/\"\n                            class=\"eael-post-elements-readmore-btn\">Read more<\/a><\/div>\n                    <\/div><\/div><\/div>\n        <\/div>\n    <\/article><article class=\"eael-grid-post eael-post-grid-column\" data-id=\"3170\">\n        <div class=\"eael-grid-post-holder\">\n            <div class=\"eael-grid-post-holder-inner\"><div class=\"eael-entry-media\"><div class=\"eael-entry-overlay fade-in\"><i class=\"fas fa-long-arrow-alt-right\" aria-hidden=\"true\"><\/i><a href=\"https:\/\/www.sabrinaszablewska.com\/en\/fashion-for-mature-women-new-trends-style-and-inspiration\/\"><\/a><\/div><div class=\"eael-entry-thumbnail eael-image-ratio\">\n                <img loading=\"lazy\" decoding=\"async\" width=\"1747\" height=\"2560\" src=\"https:\/\/www.sabrinaszablewska.com\/wp-content\/uploads\/2023\/07\/IMG_3204-scaled.jpg\" class=\"attachment-full size-full wp-image-2845\" alt=\"\" srcset=\"https:\/\/www.sabrinaszablewska.com\/wp-content\/uploads\/2023\/07\/IMG_3204-scaled.jpg 1747w, https:\/\/www.sabrinaszablewska.com\/wp-content\/uploads\/2023\/07\/IMG_3204-scaled-600x879.jpg 600w, https:\/\/www.sabrinaszablewska.com\/wp-content\/uploads\/2023\/07\/IMG_3204-205x300.jpg 205w, https:\/\/www.sabrinaszablewska.com\/wp-content\/uploads\/2023\/07\/IMG_3204-699x1024.jpg 699w, https:\/\/www.sabrinaszablewska.com\/wp-content\/uploads\/2023\/07\/IMG_3204-768x1125.jpg 768w\" sizes=\"(max-width: 1747px) 100vw, 1747px\" \/>\n            <\/div>\n        <\/div><div class=\"eael-entry-wrapper\"><header class=\"eael-entry-header\"><h2 class=\"eael-entry-title\"><a\n                        class=\"eael-grid-post-link\"\n                        href=\"https:\/\/www.sabrinaszablewska.com\/en\/fashion-for-mature-women-new-trends-style-and-inspiration\/\"\n                        title=\"Fashion for mature women: new trends, style and inspiration\">Fashion for mature women: new trends, style and inspiration<\/a><\/h2><\/header><div class=\"eael-entry-content\">\n                        <div class=\"eael-grid-post-excerpt\"><a\n                            href=\"https:\/\/www.sabrinaszablewska.com\/en\/fashion-for-mature-women-new-trends-style-and-inspiration\/\"\n                            class=\"eael-post-elements-readmore-btn\">Read more<\/a><\/div>\n                    <\/div><\/div><\/div>\n        <\/div>\n    <\/article><article class=\"eael-grid-post eael-post-grid-column\" data-id=\"3165\">\n        <div class=\"eael-grid-post-holder\">\n            <div class=\"eael-grid-post-holder-inner\"><div class=\"eael-entry-media\"><div class=\"eael-entry-overlay fade-in\"><i class=\"fas fa-long-arrow-alt-right\" aria-hidden=\"true\"><\/i><a href=\"https:\/\/www.sabrinaszablewska.com\/en\/making-dreams-come-true-after-40-a-year-in-the-making-my-journey-back-to-modeling\/\"><\/a><\/div><div class=\"eael-entry-thumbnail eael-image-ratio\">\n                <img loading=\"lazy\" decoding=\"async\" width=\"1638\" height=\"2048\" src=\"https:\/\/www.sabrinaszablewska.com\/wp-content\/uploads\/2023\/07\/DSC_1048_sRGB_r_i_net_a.jpg\" class=\"attachment-full size-full wp-image-2835\" alt=\"\" srcset=\"https:\/\/www.sabrinaszablewska.com\/wp-content\/uploads\/2023\/07\/DSC_1048_sRGB_r_i_net_a.jpg 1638w, https:\/\/www.sabrinaszablewska.com\/wp-content\/uploads\/2023\/07\/DSC_1048_sRGB_r_i_net_a-600x750.jpg 600w, https:\/\/www.sabrinaszablewska.com\/wp-content\/uploads\/2023\/07\/DSC_1048_sRGB_r_i_net_a-240x300.jpg 240w, https:\/\/www.sabrinaszablewska.com\/wp-content\/uploads\/2023\/07\/DSC_1048_sRGB_r_i_net_a-819x1024.jpg 819w, https:\/\/www.sabrinaszablewska.com\/wp-content\/uploads\/2023\/07\/DSC_1048_sRGB_r_i_net_a-768x960.jpg 768w, https:\/\/www.sabrinaszablewska.com\/wp-content\/uploads\/2023\/07\/DSC_1048_sRGB_r_i_net_a-1229x1536.jpg 1229w\" sizes=\"(max-width: 1638px) 100vw, 1638px\" \/>\n            <\/div>\n        <\/div><div class=\"eael-entry-wrapper\"><header class=\"eael-entry-header\"><h2 class=\"eael-entry-title\"><a\n                        class=\"eael-grid-post-link\"\n                        href=\"https:\/\/www.sabrinaszablewska.com\/en\/making-dreams-come-true-after-40-a-year-in-the-making-my-journey-back-to-modeling\/\"\n                        title=\"Making dreams come true after 40. A year in the making: my journey back to modeling\">Making dreams come true after 40. A year in the making: my journey back to modeling<\/a><\/h2><\/header><div class=\"eael-entry-content\">\n                        <div class=\"eael-grid-post-excerpt\"><a\n                            href=\"https:\/\/www.sabrinaszablewska.com\/en\/making-dreams-come-true-after-40-a-year-in-the-making-my-journey-back-to-modeling\/\"\n                            class=\"eael-post-elements-readmore-btn\">Read more<\/a><\/div>\n                    <\/div><\/div><\/div>\n        <\/div>\n    <\/article><\/div>\n            <div class=\"clearfix\"><\/div>\n        <\/div>\t\t<\/div>\n\t\t\t\t<\/div>\n\t\t\t\t\t<\/div>\n\t\t<\/div>\n\t\t\t\t\t<\/div>\n\t\t<\/section>\n\t\t\t\t<\/div>\n\t\t","protected":false},"excerpt":{"rendered":"<p>Blog Sabrina Szablewska 2 wskaz\u00f3wki, jak pokona\u0107 swoje bariery Read more 3 sekrety bycia sob\u0105 Read more 3 kroki, aby sta\u0107 si\u0119 najlepsz\u0105 wersj\u0105 siebie Read more 4 rzeczy, kt\u00f3re robi\u0105 autentyczni ludzie Read more 5 ran, kt\u00f3re musisz uzdrowi\u0107, aby osi\u0105gn\u0105\u0107 swoj\u0105 osobist\u0105 moc Read more 6 powod\u00f3w, dla kt\u00f3rych warto zwi\u0119kszy\u0107 swoj\u0105 \u015bwiadomo\u015b\u0107 [&hellip;]<\/p>\n","protected":false},"author":1,"featured_media":0,"parent":0,"menu_order":0,"comment_status":"closed","ping_status":"closed","template":"elementor_header_footer","meta":{"site-sidebar-layout":"no-sidebar","site-content-layout":"page-builder","ast-site-content-layout":"","site-content-style":"default","site-sidebar-style":"default","ast-global-header-display":"","ast-banner-title-visibility":"","ast-main-header-display":"","ast-hfb-above-header-display":"","ast-hfb-below-header-display":"","ast-hfb-mobile-header-display":"","site-post-title":"disabled","ast-breadcrumbs-content":"","ast-featured-img":"disabled","footer-sml-layout":"","theme-transparent-header-meta":"","adv-header-id-meta":"","stick-header-meta":"","header-above-stick-meta":"","header-main-stick-meta":"","header-below-stick-meta":"","astra-migrate-meta-layouts":"default","ast-page-background-enabled":"default","ast-page-background-meta":{"desktop":{"background-color":"var(--ast-global-color-4)","background-image":"","background-repeat":"repeat","background-position":"center center","background-size":"auto","background-attachment":"scroll","background-type":"","background-media":"","overlay-type":"","overlay-color":"","overlay-gradient":""},"tablet":{"background-color":"","background-image":"","background-repeat":"repeat","background-position":"center center","background-size":"auto","background-attachment":"scroll","background-type":"","background-media":"","overlay-type":"","overlay-color":"","overlay-gradient":""},"mobile":{"background-color":"","background-image":"","background-repeat":"repeat","background-position":"center center","background-size":"auto","background-attachment":"scroll","background-type":"","background-media":"","overlay-type":"","overlay-color":"","overlay-gradient":""}},"ast-content-background-meta":{"desktop":{"background-color":"var(--ast-global-color-5)","background-image":"","background-repeat":"repeat","background-position":"center center","background-size":"auto","background-attachment":"scroll","background-type":"","background-media":"","overlay-type":"","overlay-color":"","overlay-gradient":""},"tablet":{"background-color":"var(--ast-global-color-5)","background-image":"","background-repeat":"repeat","background-position":"center center","background-size":"auto","background-attachment":"scroll","background-type":"","background-media":"","overlay-type":"","overlay-color":"","overlay-gradient":""},"mobile":{"background-color":"var(--ast-global-color-5)","background-image":"","background-repeat":"repeat","background-position":"center center","background-size":"auto","background-attachment":"scroll","background-type":"","background-media":"","overlay-type":"","overlay-color":"","overlay-gradient":""}},"footnotes":""},"_links":{"self":[{"href":"https:\/\/www.sabrinaszablewska.com\/en\/wp-json\/wp\/v2\/pages\/3121"}],"collection":[{"href":"https:\/\/www.sabrinaszablewska.com\/en\/wp-json\/wp\/v2\/pages"}],"about":[{"href":"https:\/\/www.sabrinaszablewska.com\/en\/wp-json\/wp\/v2\/types\/page"}],"author":[{"embeddable":true,"href":"https:\/\/www.sabrinaszablewska.com\/en\/wp-json\/wp\/v2\/users\/1"}],"replies":[{"embeddable":true,"href":"https:\/\/www.sabrinaszablewska.com\/en\/wp-json\/wp\/v2\/comments?post=3121"}],"version-history":[{"count":2,"href":"https:\/\/www.sabrinaszablewska.com\/en\/wp-json\/wp\/v2\/pages\/3121\/revisions"}],"predecessor-version":[{"id":4118,"href":"https:\/\/www.sabrinaszablewska.com\/en\/wp-json\/wp\/v2\/pages\/3121\/revisions\/4118"}],"wp:attachment":[{"href":"https:\/\/www.sabrinaszablewska.com\/en\/wp-json\/wp\/v2\/media?parent=3121"}],"curies":[{"name":"wp","href":"https:\/\/api.w.org\/{rel}","templated":true}]}}